{"id":29226,"date":"2022-12-30T12:25:12","date_gmt":"2022-12-30T11:25:12","guid":{"rendered":"https:\/\/toucharmonie.com\/?page_id=29226"},"modified":"2024-11-15T19:35:17","modified_gmt":"2024-11-15T18:35:17","slug":"mon-parcours","status":"publish","type":"page","link":"https:\/\/toucharmonie.com\/home\/mon-parcours\/","title":{"rendered":"Mon parcours"},"content":{"rendered":"<p>[et_pb_section fb_built=\u00a0\u00bb1&Prime; _builder_version=\u00a0\u00bb4.19.4&Prime; _module_preset=\u00a0\u00bbdefault\u00a0\u00bb global_colors_info=\u00a0\u00bb{}\u00a0\u00bb][et_pb_row _builder_version=\u00a0\u00bb4.19.4&Prime; _module_preset=\u00a0\u00bbdefault\u00a0\u00bb global_colors_info=\u00a0\u00bb{}\u00a0\u00bb][et_pb_column type=\u00a0\u00bb4_4&Prime; _builder_version=\u00a0\u00bb4.19.4&Prime; _module_preset=\u00a0\u00bbdefault\u00a0\u00bb global_colors_info=\u00a0\u00bb{}\u00a0\u00bb][\/et_pb_column][\/et_pb_row][et_pb_row _builder_version=\u00a0\u00bb4.27.3&Prime; _module_preset=\u00a0\u00bbdefault\u00a0\u00bb custom_margin=\u00a0\u00bb0px|||20px|false|false\u00a0\u00bb hover_enabled=\u00a0\u00bb0&Prime; global_colors_info=\u00a0\u00bb{}\u00a0\u00bb sticky_enabled=\u00a0\u00bb0&Prime;][et_pb_column type=\u00a0\u00bb4_4&Prime; _builder_version=\u00a0\u00bb4.27.3&Prime; _module_preset=\u00a0\u00bbdefault\u00a0\u00bb global_colors_info=\u00a0\u00bb{}\u00a0\u00bb][et_pb_text _builder_version=\u00a0\u00bb4.27.3&Prime; _module_preset=\u00a0\u00bbdefault\u00a0\u00bb text_font_size=\u00a0\u00bb25px\u00a0\u00bb text_line_height=\u00a0\u00bb1.5em\u00a0\u00bb background_color=\u00a0\u00bbRGBA(255,255,255,0)\u00a0\u00bb module_alignment=\u00a0\u00bbleft\u00a0\u00bb custom_margin=\u00a0\u00bb|||0px|false|false\u00a0\u00bb custom_padding=\u00a0\u00bb|20px|15px|20px|false|false\u00a0\u00bb hover_enabled=\u00a0\u00bb0&Prime; border_radii=\u00a0\u00bbon|40px|40px|40px|40px\u00a0\u00bb inline_fonts=\u00a0\u00bbAkaya Kanadaka\u00a0\u00bb global_colors_info=\u00a0\u00bb{}\u00a0\u00bb background_image=\u00a0\u00bbhttps:\/\/toucharmonie.com\/wp-content\/uploads\/2024\/11\/bien_etre-rose_2.jpg\u00a0\u00bb title_text=\u00a0\u00bbWoman in cross-legged position meditating over rocks in nature\u00a0\u00bb sticky_enabled=\u00a0\u00bb0&Prime;]<\/p>\n<h4><span style=\"font-family: 'Akaya Kanadaka'; font-weight: normal; color: #ffffff;\"><span style=\"font-size: xx-large;\"><\/span><\/span><\/h4>\n<h4 style=\"text-align: justify;\"><span style=\"font-family: 'Akaya Kanadaka'; font-weight: normal; color: #ffffff;\"><span style=\"font-size: xx-large;\"><\/span><\/span><\/h4>\n<h4 style=\"text-align: justify;\"><span style=\"font-family: 'Akaya Kanadaka'; font-weight: normal; color: #ffffff;\"><span style=\"font-size: xx-large;\"><\/span><\/span><\/h4>\n<h3 style=\"text-align: justify;\"><span style=\"font-family: 'Akaya Kanadaka'; font-weight: normal; color: #ffffff;\"><span style=\"font-size: xx-large;\">Je m&rsquo;appelle Sylvie, j&rsquo;ai 57 ans et je suis passionn\u00e9e en Sant\u00e9 Naturelle.<\/span><\/span><\/h3>\n<h3 style=\"text-align: justify;\"><span style=\"font-family: 'Akaya Kanadaka'; font-weight: normal; color: #ffffff;\"><\/span><\/h3>\n<h3 style=\"text-align: justify;\"><span style=\"font-family: 'Akaya Kanadaka'; font-weight: normal; color: #ffffff; font-size: xx-large;\">A l&rsquo;\u00e2ge de douze ans j&rsquo;ai d\u00e9couvert qu&rsquo;\u00eatre en bonne sant\u00e9 n&rsquo;allait pas toujours de soi &#8230;<\/span><\/h3>\n<h3 style=\"text-align: justify;\"><span style=\"font-family: 'Akaya Kanadaka'; font-weight: normal; color: #ffffff; font-size: xx-large;\"><\/span><\/h3>\n<h3 style=\"text-align: justify;\"><span style=\"font-family: 'Akaya Kanadaka'; font-weight: normal; color: #ffffff; font-size: xx-large;\"><\/span><\/h3>\n<h3 style=\"text-align: justify;\"><span style=\"font-family: 'Akaya Kanadaka'; font-weight: normal; color: #ffffff; font-size: xx-large;\"><\/span><\/h3>\n<h3 style=\"text-align: justify;\"><span style=\"font-family: 'Akaya Kanadaka'; font-weight: normal; color: #ffffff; font-size: xx-large;\">J&rsquo;avais beau faire du sport et vivre la plupart du temps dehors, j&rsquo;ai fait ma premi\u00e8re crise d&rsquo;asthme lors d&rsquo;un voyage scolaire.<\/span><\/h3>\n<h3 style=\"text-align: justify;\"><span style=\"color: #ffffff;\"><span style=\"font-family: 'Akaya Kanadaka'; font-size: xx-large;\">Chaque ann\u00e9e, une nouvelle allergie apparaissait\u00a0<\/span><span style=\"font-family: 'Akaya Kanadaka'; font-size: xx-large;\">:\u00a0<\/span><span style=\"font-family: 'Akaya Kanadaka'; font-size: xx-large;\"><span style=\"caret-color: #ffffff;\">intol\u00e9rance alimentaire, peau\u00a0<\/span>agress\u00e9e, en plus de l&rsquo;asthme.<\/span><\/span><\/h3>\n<h3 style=\"text-align: justify;\"><span style=\"font-family: 'Akaya Kanadaka'; font-weight: normal; color: #ffffff; font-size: xx-large;\">Les traitements \u00e9voluaient en qualit\u00e9 selon mes m\u00e9decins, pourtant mon \u00e9tat empirait : les crises d&rsquo;asthme se faisaient de plus en plus longues, rapproch\u00e9es et angoissantes&#8230;<\/span><\/h3>\n<h3 style=\"text-align: justify;\"><span style=\"font-family: 'Akaya Kanadaka'; font-weight: normal; color: #ffffff; font-size: xx-large;\"><\/span><\/h3>\n<h3 style=\"text-align: justify;\"><span style=\"font-family: 'Akaya Kanadaka'; font-weight: normal; color: #ffffff; font-size: xx-large;\"><\/span><\/h3>\n<h3 style=\"text-align: justify;\"><span style=\"font-family: 'Akaya Kanadaka'; font-weight: normal; color: #ffffff; font-size: xx-large;\">Mes probl\u00e8mes de sant\u00e9 m&rsquo;ont \u00e9veill\u00e9e \u00e0 ceux des autres. Je m&rsquo;engageai dans le prendre soin en tant d&rsquo;aide soignante, o\u00f9 les \u00ab\u00a0effleurages de confort\u00a0\u00bb eurent du succ\u00e8s aupr\u00e8s des personnes prises en charge. Je me suis alors form\u00e9e aux massages pour les soulager.<\/span><\/h3>\n<h3 style=\"text-align: justify;\"><span style=\"font-family: 'Akaya Kanadaka'; font-weight: normal; color: #ffffff; font-size: xx-large;\"><\/span><\/h3>\n<h3 style=\"text-align: justify;\"><span style=\"font-family: 'Akaya Kanadaka'; font-weight: normal; color: #ffffff; font-size: xx-large;\"><\/span><\/h3>\n<h3 style=\"text-align: justify;\"><span style=\"font-family: 'Akaya Kanadaka'; font-weight: normal; color: #ffffff; font-size: xx-large;\">Je lisais tout ce qui concernait la sant\u00e9 pour m&rsquo;informer&#8230;et je me suis passionn\u00e9e&#8230;<\/span><\/h3>\n<h3 style=\"text-align: justify;\"><span style=\"font-family: 'Akaya Kanadaka'; font-weight: normal; color: #ffffff; font-size: xx-large;\"><\/span><\/h3>\n<h3 style=\"text-align: justify;\"><span style=\"font-family: 'Akaya Kanadaka'; font-weight: normal; color: #ffffff; font-size: xx-large;\">Malgr\u00e9 l&rsquo;\u00e9viction de nombre de produits de consommation courante,\u00a0mes choix semblaient se r\u00e9tr\u00e9cir\u00a0\u00e0 mesure que mes sympt\u00f4mes empiraient. Il me fallait \u00a0<strong>des injections pour contenir les crises d&rsquo;asthme<\/strong>, et mon coeur n&rsquo;aimait pas \u00e7a.<\/span><\/h3>\n<h3 style=\"text-align: justify;\"><span style=\"color: #ffffff; font-family: 'Akaya Kanadaka'; font-size: xx-large;\">J&rsquo;ai examin\u00e9 les aliments et toutes mes croyances les concernant : <strong>la di\u00e9t\u00e9tique \u00e9quilibr\u00e9e qu&rsquo;on nous enseignait m&rsquo;\u00e9tait \u00a0\u00a0<\/strong><span style=\"caret-color: #ffffff;\"><strong>n\u00e9faste,<\/strong> mon<\/span>\u00a0corps refusait certains aliments r\u00e9put\u00e9s sains et de qualit\u00e9 .<\/span><\/h3>\n<h3 style=\"text-align: justify;\"><span style=\"color: #ffffff; font-family: 'Akaya Kanadaka'; font-size: xx-large;\"><\/span><\/h3>\n<h3 style=\"text-align: justify;\"><span style=\"color: #ffffff;\"><span style=\"font-family: 'Akaya Kanadaka'; font-size: xx-large;\">Vers trente ans, un grand choc dans ma vie affective m&rsquo;a permis de faire <\/span><span style=\"font-size: xx-large;\"><strong style=\"font-family: 'Akaya Kanadaka';\">un travail intense sur moi<\/strong><\/span><span style=\"font-family: 'Akaya Kanadaka'; font-size: xx-large;\"> : les allergies ont progressivement diminu\u00e9 puis\u00a0<\/span><span style=\"font-size: xx-large; font-family: 'Akaya Kanadaka'; caret-color: #ffffff;\">l&rsquo;asthme<\/span><span style=\"font-family: 'Akaya Kanadaka'; font-size: xx-large;\">\u00a0a disparu&#8230;<\/span><\/span><br \/><span style=\"font-family: 'Akaya Kanadaka'; font-weight: normal; color: #ffffff; font-size: xx-large;\"><\/span><\/h3>\n<h3 style=\"text-align: justify;\"><span style=\"color: #ffffff;\"><span style=\"font-family: 'Akaya Kanadaka'; font-size: xx-large;\">Il m&rsquo;a fallu du temps pour int\u00e9grer cette le\u00e7on de vie, j&rsquo;ai fait des \u00e9tudes d&rsquo;infirmi\u00e8re, mais rien dans la m\u00e9decine n&rsquo;avait pu me soulager, seul le travail int\u00e9rieur et\u00a0<\/span><span style=\"font-size: xx-large;\"><strong style=\"font-family: 'Akaya Kanadaka';\">l&rsquo;\u00e9quilibrage complet de ma vie\u00a0<\/strong><span style=\"font-family: 'Akaya Kanadaka';\">avait eu un r\u00e9sultat. \u00a0Un \u00a0r\u00e9sultat exceptionnel : J&rsquo;<\/span><strong style=\"font-family: 'Akaya Kanadaka';\">avais gu\u00e9ri d&rsquo;une maladie incurable !<\/strong><\/span><\/span><br \/><span style=\"font-family: 'Akaya Kanadaka'; font-weight: normal; color: #ffffff; font-size: xx-large;\"><\/span><\/h3>\n<h3 style=\"text-align: justify;\"><span style=\"font-family: 'Akaya Kanadaka'; font-weight: normal; color: #ffffff; font-size: xx-large;\"><\/span><\/h3>\n<h3 style=\"text-align: justify;\"><span style=\"font-family: 'Akaya Kanadaka'; font-weight: normal; color: #ffffff; font-size: xx-large;\"><\/span><\/h3>\n<h3 style=\"text-align: justify;\"><span style=\"font-family: 'Akaya Kanadaka'; font-weight: normal; color: #ffffff; font-size: xx-large;\"><strong><\/strong><\/span><\/h3>\n<h3 style=\"text-align: justify;\"><span style=\"font-family: 'Akaya Kanadaka'; font-weight: normal; color: #ffffff; font-size: xx-large;\"><strong><\/strong><\/span><\/h3>\n<h3 style=\"text-align: justify;\"><span style=\"font-family: 'Akaya Kanadaka'; font-weight: normal; color: #ffffff; font-size: xx-large;\">J&rsquo;ai dirig\u00e9 durant cinq ans\u00a0un centre de soins corporels. j&rsquo;ai abord\u00e9 les huiles essentielles et le drainage lymphatique, les m\u00e9ridiens et la di\u00e9t\u00e9tique chinoise, je me suis form\u00e9e en reiki.\u00a0<strong>Les clientes t\u00e9moignaient de progr\u00e8s associ\u00e9s \u00e0 un ressenti de d\u00e9tente corporelle.<\/strong><\/span><\/h3>\n<h3 style=\"text-align: justify;\"><span style=\"font-family: 'Akaya Kanadaka'; font-weight: normal; color: #ffffff; font-size: xx-large;\"><strong><\/strong><\/span><\/h3>\n<h3 style=\"text-align: justify;\"><span style=\"font-family: 'Akaya Kanadaka'; font-weight: normal; color: #ffffff; font-size: xx-large;\"><strong><\/strong><\/span><\/h3>\n<h3 style=\"text-align: justify;\"><span style=\"font-family: 'Akaya Kanadaka'; font-weight: normal; color: #ffffff; font-size: xx-large;\">J&rsquo;ai d\u00e9couvert ensuite internet et une fabuleuse source de connaissances, et des personnalit\u00e9s importantes : Thierry Casanovas, Ir\u00e8ne Grosjean, le Docteur Jauvais&#8230;\u00a0<\/span><\/h3>\n<h3 style=\"text-align: justify;\"><span style=\"color: #ffffff;\"><span style=\"font-family: 'Akaya Kanadaka'; font-size: xx-large;\">J&rsquo;ai\u00a0<\/span><strong style=\"font-family: 'Akaya Kanadaka'; font-size: xx-large; font-weight: normal;\">trouv\u00e9 dans leur savoir les confirmations\u00a0<\/strong><span style=\"font-family: 'Akaya Kanadaka'; font-size: xx-large;\">qui validaient mon exp\u00e9rience, et je me suis\u00a0<\/span><strong style=\"font-family: 'Akaya Kanadaka'; font-size: xx-large; font-weight: normal;\">form\u00e9e \u00e0 l&rsquo;hygi\u00e9niste, aux plantes utiles, \u00e0 l&rsquo;horm\u00e8ze<\/strong><span style=\"font-family: 'Akaya Kanadaka'; font-size: xx-large;\">&#8230;<\/span><\/span><\/h3>\n<h3 style=\"text-align: justify;\"><span style=\"color: #ffffff;\"><span style=\"font-family: 'Akaya Kanadaka'; font-size: xx-large;\">Et \u00e0 un outil de\u00a0<\/span><strong><span style=\"font-family: 'Akaya Kanadaka'; font-size: xx-large;\"><span style=\"font-weight: normal;\">visualisation directe de l&rsquo;\u00e9tat nerveux <\/span><\/span><\/strong><span style=\"font-family: 'Akaya Kanadaka'; font-size: xx-large;\">de\u00a0<\/span><span style=\"font-family: 'Akaya Kanadaka'; font-size: xx-large;\"><span style=\"caret-color: #ffffff;\">chacun des<\/span><\/span><strong><span style=\"font-family: 'Akaya Kanadaka'; font-size: xx-large;\"><span style=\"font-weight: normal;\">\u00a0organes de votre corps : l&rsquo;iridologie !<\/span><\/span><\/strong><\/span><\/h3>\n<h3 style=\"text-align: justify;\"><span style=\"font-family: 'Akaya Kanadaka'; font-weight: normal; color: #ffffff; font-size: xx-large;\"><strong><\/strong><\/span><\/h3>\n<h3 style=\"text-align: justify;\"><span style=\"font-family: 'Akaya Kanadaka'; font-weight: normal; color: #ffffff; font-size: xx-large;\"><strong><\/strong><\/span><\/h3>\n<h3 style=\"text-align: justify;\"><span style=\"font-family: 'Akaya Kanadaka'; font-weight: normal; color: #ffffff; font-size: xx-large;\">C&rsquo;est <strong>ce savoir et cette vision globale<\/strong> qu&rsquo;aujourd&rsquo;hui je mets au service de votre sant\u00e9 pour vous offrir <strong>une approche compl\u00e8te<\/strong> et un suivi bas\u00e9 sur <strong>des principes naturels<\/strong>.<\/span><\/h3>\n<h3 style=\"text-align: justify;\"><span style=\"font-family: 'Akaya Kanadaka'; font-weight: normal; color: #ffffff; font-size: xx-large;\"><\/span><\/h3>\n<h3 style=\"text-align: justify;\"><span style=\"font-family: 'Akaya Kanadaka'; font-weight: normal; color: #ffffff; font-size: xx-large;\"><strong>Le massage est la voie royale<\/strong>\u00a0pour prendre soin du corps comme de l&rsquo;esprit.<\/span><\/h3>\n<p><span style=\"font-family: 'Akaya Kanadaka'; font-weight: normal; color: #ffffff; font-size: xx-large;\"><\/span><\/p>\n<p><span style=\"font-family: 'Akaya Kanadaka'; font-weight: normal; color: #ffffff; font-size: xx-large;\"><\/span><\/p>\n<h3 style=\"text-align: center;\"><span style=\"font-family: 'Akaya Kanadaka'; font-weight: normal; color: #ffffff; font-size: xx-large;\"><strong>Aujourd&rsquo;hui je peux vous proposer en confiance mon expertise en sant\u00e9 naturelle et des moments de relaxation bienfaisante lors de massages personnalis\u00e9<\/strong>s.<\/span><\/h3>\n<h3 style=\"text-align: justify;\"><span style=\"font-family: 'Akaya Kanadaka'; font-weight: normal; color: #ffffff;\"><\/span><\/h3>\n<h3 style=\"text-align: justify;\"><span style=\"font-family: 'Akaya Kanadaka'; font-weight: normal; color: #ffffff;\"><\/span><\/h3>\n<p>[\/et_pb_text][\/et_pb_column][\/et_pb_row][\/et_pb_section]<\/p>\n","protected":false},"excerpt":{"rendered":"<p>Je m&rsquo;appelle Sylvie, j&rsquo;ai 57 ans et je&#8230;<\/p>\n","protected":false},"author":1,"featured_media":0,"parent":0,"menu_order":0,"comment_status":"closed","ping_status":"closed","template":"","meta":{"_et_pb_use_builder":"on","_et_pb_old_content":"","_et_gb_content_width":"","footnotes":""},"class_list":["post-29226","page","type-page","status-publish","hentry","entry"],"_links":{"self":[{"href":"https:\/\/toucharmonie.com\/home\/wp-json\/wp\/v2\/pages\/29226","targetHints":{"allow":["GET"]}}],"collection":[{"href":"https:\/\/toucharmonie.com\/home\/wp-json\/wp\/v2\/pages"}],"about":[{"href":"https:\/\/toucharmonie.com\/home\/wp-json\/wp\/v2\/types\/page"}],"author":[{"embeddable":true,"href":"https:\/\/toucharmonie.com\/home\/wp-json\/wp\/v2\/users\/1"}],"replies":[{"embeddable":true,"href":"https:\/\/toucharmonie.com\/home\/wp-json\/wp\/v2\/comments?post=29226"}],"version-history":[{"count":21,"href":"https:\/\/toucharmonie.com\/home\/wp-json\/wp\/v2\/pages\/29226\/revisions"}],"predecessor-version":[{"id":29481,"href":"https:\/\/toucharmonie.com\/home\/wp-json\/wp\/v2\/pages\/29226\/revisions\/29481"}],"wp:attachment":[{"href":"https:\/\/toucharmonie.com\/home\/wp-json\/wp\/v2\/media?parent=29226"}],"curies":[{"name":"wp","href":"https:\/\/api.w.org\/{rel}","templated":true}]}}