{"id":2,"date":"2022-11-23T10:12:31","date_gmt":"2022-11-23T10:12:31","guid":{"rendered":"https:\/\/toucharmonie.com\/?page_id=2"},"modified":"2024-11-15T15:29:18","modified_gmt":"2024-11-15T14:29:18","slug":"sample-page","status":"publish","type":"page","link":"https:\/\/toucharmonie.com\/home\/sample-page\/","title":{"rendered":"Mes Services"},"content":{"rendered":"<p>[et_pb_section fb_built=\u00a0\u00bb1&Prime; _builder_version=\u00a0\u00bb4.19.2&Prime; _module_preset=\u00a0\u00bbdefault\u00a0\u00bb global_colors_info=\u00a0\u00bb{}\u00a0\u00bb][et_pb_row _builder_version=\u00a0\u00bb4.19.2&Prime; _module_preset=\u00a0\u00bbdefault\u00a0\u00bb global_colors_info=\u00a0\u00bb{}\u00a0\u00bb][et_pb_column type=\u00a0\u00bb4_4&Prime; _builder_version=\u00a0\u00bb4.19.2&Prime; _module_preset=\u00a0\u00bbdefault\u00a0\u00bb global_colors_info=\u00a0\u00bb{}\u00a0\u00bb][et_pb_text _builder_version=\u00a0\u00bb4.21.0&Prime; _module_preset=\u00a0\u00bbdefault\u00a0\u00bb background_color=\u00a0\u00bbRGBA(255,255,255,0)\u00a0\u00bb background_enable_image=\u00a0\u00bboff\u00a0\u00bb inline_fonts=\u00a0\u00bbAkaya Kanadaka,Roboto Serif,Arya\u00a0\u00bb global_colors_info=\u00a0\u00bb{}\u00a0\u00bb]<\/p>\n<h2 style=\"text-align: center;\"><span style=\"font-family: 'Akaya Kanadaka'; font-weight: normal;\"><strong><span style=\"color: #000000;\">Massages \u00e9nerg\u00e9tiques relaxants<\/span><\/strong><\/span><\/h2>\n<p>[\/et_pb_text][\/et_pb_column][\/et_pb_row][et_pb_row _builder_version=\u00a0\u00bb4.19.2&Prime; _module_preset=\u00a0\u00bbdefault\u00a0\u00bb global_colors_info=\u00a0\u00bb{}\u00a0\u00bb][et_pb_column type=\u00a0\u00bb4_4&Prime; _builder_version=\u00a0\u00bb4.19.2&Prime; _module_preset=\u00a0\u00bbdefault\u00a0\u00bb global_colors_info=\u00a0\u00bb{}\u00a0\u00bb][et_pb_text _builder_version=\u00a0\u00bb4.19.4&Prime; _module_preset=\u00a0\u00bbdefault\u00a0\u00bb border_radii=\u00a0\u00bbon|40px|40px|40px|40px\u00a0\u00bb inline_fonts=\u00a0\u00bbAkaya Kanadaka\u00a0\u00bb global_colors_info=\u00a0\u00bb{}\u00a0\u00bb]<\/p>\n<h2 style=\"text-align: center;\"><span style=\"font-family: 'Akaya Kanadaka'; font-weight: normal;\">2 FORMULES AU TOP<\/span><\/h2>\n<p>[\/et_pb_text][\/et_pb_column][\/et_pb_row][\/et_pb_section][et_pb_section fb_built=\u00a0\u00bb1&Prime; _builder_version=\u00a0\u00bb4.21.0&Prime; _module_preset=\u00a0\u00bbdefault\u00a0\u00bb background_image=\u00a0\u00bbhttps:\/\/toucharmonie.com\/wp-content\/uploads\/2024\/11\/bien_etre-rose_2.jpg\u00a0\u00bb global_colors_info=\u00a0\u00bb{}\u00a0\u00bb][et_pb_row column_structure=\u00a0\u00bb1_2,1_2&Prime; _builder_version=\u00a0\u00bb4.19.2&Prime; _module_preset=\u00a0\u00bbdefault\u00a0\u00bb width=\u00a0\u00bb86.7%\u00a0\u00bb custom_padding=\u00a0\u00bb||8px|||\u00a0\u00bb global_colors_info=\u00a0\u00bb{}\u00a0\u00bb][et_pb_column type=\u00a0\u00bb1_2&Prime; _builder_version=\u00a0\u00bb4.19.2&Prime; _module_preset=\u00a0\u00bbdefault\u00a0\u00bb global_colors_info=\u00a0\u00bb{}\u00a0\u00bb][et_pb_text _builder_version=\u00a0\u00bb4.21.0&Prime; _module_preset=\u00a0\u00bbdefault\u00a0\u00bb background_color=\u00a0\u00bbRGBA(255,255,255,0)\u00a0\u00bb background_enable_image=\u00a0\u00bboff\u00a0\u00bb parallax=\u00a0\u00bbon\u00a0\u00bb custom_margin=\u00a0\u00bb|21px||20px|false|false\u00a0\u00bb inline_fonts=\u00a0\u00bbAkaya Kanadaka\u00a0\u00bb global_colors_info=\u00a0\u00bb{}\u00a0\u00bb]<\/p>\n<h2 style=\"text-align: center;\"><span style=\"font-family: 'Akaya Kanadaka'; font-weight: normal; color: #000000;\">Le soin d&rsquo;urgence<\/span><\/h2>\n<p><span style=\"font-family: 'Akaya Kanadaka'; font-weight: normal; color: #000000; font-size: xx-large;\"><\/span><\/p>\n<p><span style=\"font-family: 'Akaya Kanadaka'; font-weight: normal; color: #000000; font-size: xx-large;\">Massage d&rsquo;une zone corporelle en demande.<\/span><\/p>\n<p><span style=\"font-family: 'Akaya Kanadaka'; font-weight: normal; font-size: xx-large;\"><span style=\"color: #ffffff;\"><span style=\"color: #000000;\">Le soin dure entre une demi-heure et 45 minutes<\/span><\/span><span style=\"color: #000000;\">.<\/span><\/span><\/p>\n<p><span style=\"font-family: 'Akaya Kanadaka'; font-weight: normal; color: #000000; font-size: xx-large;\">J&rsquo;associe une s\u00e9lection d&rsquo;huiles essentielles sp\u00e9cifiques \u00e0 votre probl\u00e8me.\u00a0<\/span><\/p>\n<p><span style=\"font-family: 'Akaya Kanadaka'; font-weight: normal; color: #000000; font-size: xx-large;\">Dos douloureux, jambes lourdes, muscle froiss\u00e9 ou tendu.<\/span><\/p>\n<p><span style=\"font-family: 'Akaya Kanadaka'; font-weight: normal; color: #000000; font-size: xx-large;\">Pour un soulagement en douceur et efficient.<\/span><\/p>\n<h3><\/h3>\n<p>[\/et_pb_text][\/et_pb_column][et_pb_column type=\u00a0\u00bb1_2&Prime; _builder_version=\u00a0\u00bb4.19.2&Prime; _module_preset=\u00a0\u00bbdefault\u00a0\u00bb global_colors_info=\u00a0\u00bb{}\u00a0\u00bb][et_pb_text _builder_version=\u00a0\u00bb4.21.0&Prime; _module_preset=\u00a0\u00bbdefault\u00a0\u00bb background_image=\u00a0\u00bbhttps:\/\/toucharmonie.com\/wp-content\/uploads\/2022\/12\/mains-epaule-491839048-612&#215;612-1.jpg\u00a0\u00bb parallax=\u00a0\u00bbon\u00a0\u00bb custom_margin=\u00a0\u00bb||122px|-28px||\u00a0\u00bb custom_padding=\u00a0\u00bb|||11px||\u00a0\u00bb border_radii=\u00a0\u00bbon|40px|40px|40px|40px\u00a0\u00bb inline_fonts=\u00a0\u00bbAkaya Kanadaka\u00a0\u00bb global_colors_info=\u00a0\u00bb{}\u00a0\u00bb]<\/p>\n<h2 style=\"text-align: center;\"><span style=\"font-family: 'Akaya Kanadaka'; font-weight: normal; color: #000000;\">Le soin global relaxant et harmonisant<\/span><\/h2>\n<h3 style=\"text-align: left;\"><span style=\"font-family: 'Akaya Kanadaka'; font-weight: normal; color: #000000;\"><\/span><\/h3>\n<h3 style=\"text-align: left;\"><span style=\"font-family: 'Akaya Kanadaka'; font-weight: normal; color: #000000;\"><\/span><\/h3>\n<h3 style=\"text-align: left;\"><span style=\"font-family: 'Akaya Kanadaka'; font-weight: normal; color: #000000;\"><\/span><\/h3>\n<h3 style=\"text-align: left;\"><span style=\"font-family: 'Akaya Kanadaka'; font-weight: normal; color: #000000;\"><\/span><\/h3>\n<h3 style=\"text-align: left;\"><span style=\"font-family: 'Akaya Kanadaka'; font-weight: normal; color: #000000;\"><\/span><\/h3>\n<h3 style=\"text-align: left;\"><span style=\"font-family: 'Akaya Kanadaka'; font-weight: normal; color: #000000;\"><\/span><\/h3>\n<h3 style=\"text-align: left;\"><span style=\"font-family: 'Akaya Kanadaka'; font-weight: normal; color: #000000;\">Massage des diff\u00e9rentes zones corporelles avec chacune son m\u00e9lange d&rsquo;huiles essentielles d\u00e9di\u00e9es pour une relaxation profonde et durable.<\/span><\/h3>\n<p><span style=\"font-family: 'Akaya Kanadaka'; font-weight: normal; color: #000000;\"><\/span><\/p>\n<p><span style=\"font-family: 'Akaya Kanadaka'; font-weight: normal; color: #000000;\"><\/span><\/p>\n<h3 style=\"text-align: left;\"><span style=\"font-family: 'Akaya Kanadaka'; font-weight: normal; color: #000000;\"><\/span><\/h3>\n<h3 style=\"text-align: left;\"><span style=\"font-family: 'Akaya Kanadaka'; font-weight: normal; color: #000000;\"><\/span><\/h3>\n<h3 style=\"text-align: left;\"><span style=\"font-family: 'Akaya Kanadaka'; font-weight: normal; color: #000000;\"><\/span><\/h3>\n<h3 style=\"text-align: left;\"><span style=\"font-family: 'Akaya Kanadaka'; font-weight: normal; color: #000000;\">Soin Reiki concomitant pour harmoniser et \u00a0r\u00e9\u00e9quilibrer le corps en totalit\u00e9<\/span><\/h3>\n<h3 style=\"text-align: left;\"><span style=\"font-family: 'Akaya Kanadaka'; font-weight: normal; color: #ffffff;\"><\/span><\/h3>\n<h3 style=\"text-align: left;\"><span style=\"font-family: 'Akaya Kanadaka'; font-weight: normal; color: #ffffff;\"><\/span><\/h3>\n<h3 style=\"text-align: left;\"><span style=\"font-family: 'Akaya Kanadaka'; font-weight: normal; color: #ffffff;\"><\/span><\/h3>\n<h3 style=\"text-align: left;\"><span style=\"font-family: 'Akaya Kanadaka'; font-weight: normal; color: #ffffff;\"><\/span><\/h3>\n<h3 style=\"text-align: left;\"><span style=\"font-family: 'Akaya Kanadaka'; font-weight: normal; color: #ffffff;\"><\/span><\/h3>\n<h3 style=\"text-align: left;\"><span style=\"font-family: 'Akaya Kanadaka'; font-weight: normal; color: #ffffff;\"><\/span><\/h3>\n<h3 style=\"text-align: left;\"><span style=\"font-family: 'Akaya Kanadaka'; font-weight: normal; color: #ffffff;\"><\/span><\/h3>\n<h3 style=\"text-align: left;\"><span style=\"font-family: 'Akaya Kanadaka'; font-weight: normal; color: #ffffff;\">Les bols tib\u00e9tains vous reconnectent \u00a0pour terminer le soin \u00a0doucement<\/span><\/h3>\n<h3><span style=\"font-family: 'Akaya Kanadaka'; font-weight: normal; color: #ffffff;\">permettant<\/span><\/h3>\n<h3><span style=\"font-family: 'Akaya Kanadaka'; font-weight: normal; color: #ffffff;\">l&rsquo;obtention d&rsquo;une harmonisation globale et d&rsquo;une relaxation profonde durable\u00a0<\/span><\/h3>\n<p>[\/et_pb_text][et_pb_image src=\u00a0\u00bbhttps:\/\/toucharmonie.com\/wp-content\/uploads\/2024\/11\/LOGO_Final_Couleur_CMJN.jpg\u00a0\u00bb title_text=\u00a0\u00bbLOGO_Final_Couleur_CMJN\u00a0\u00bb _builder_version=\u00a0\u00bb4.21.0&Prime; _module_preset=\u00a0\u00bbdefault\u00a0\u00bb border_radii=\u00a0\u00bbon|45px|45px|45px|45px\u00a0\u00bb global_colors_info=\u00a0\u00bb{}\u00a0\u00bb custom_padding=\u00a0\u00bb0px|||0px||\u00a0\u00bb custom_margin=\u00a0\u00bb-64px|||||\u00a0\u00bb][\/et_pb_image][\/et_pb_column][\/et_pb_row][et_pb_row _builder_version=\u00a0\u00bb4.19.4&Prime; _module_preset=\u00a0\u00bbdefault\u00a0\u00bb global_colors_info=\u00a0\u00bb{}\u00a0\u00bb][et_pb_column type=\u00a0\u00bb4_4&Prime; _builder_version=\u00a0\u00bb4.19.4&Prime; _module_preset=\u00a0\u00bbdefault\u00a0\u00bb global_colors_info=\u00a0\u00bb{}\u00a0\u00bb][et_pb_image src=\u00a0\u00bbhttps:\/\/toucharmonie.com\/wp-content\/uploads\/2022\/11\/SOIN.jpg\u00a0\u00bb title_text=\u00a0\u00bbOur promise is relaxation, rejuvenation and a renewed sense of purpose\u00a0\u00bb _builder_version=\u00a0\u00bb4.19.4&Prime; _module_preset=\u00a0\u00bbdefault\u00a0\u00bb border_radii=\u00a0\u00bbon|40px|40px|40px|40px\u00a0\u00bb global_colors_info=\u00a0\u00bb{}\u00a0\u00bb][\/et_pb_image][\/et_pb_column][\/et_pb_row][\/et_pb_section][et_pb_section fb_built=\u00a0\u00bb1&Prime; _builder_version=\u00a0\u00bb4.21.0&Prime; _module_preset=\u00a0\u00bbdefault\u00a0\u00bb background_image=\u00a0\u00bbhttps:\/\/toucharmonie.com\/wp-content\/uploads\/2024\/11\/bien_etre-rose_2.jpg\u00a0\u00bb global_colors_info=\u00a0\u00bb{}\u00a0\u00bb][\/et_pb_section][et_pb_section fb_built=\u00a0\u00bb1&Prime; _builder_version=\u00a0\u00bb4.19.2&Prime; _module_preset=\u00a0\u00bbdefault\u00a0\u00bb global_colors_info=\u00a0\u00bb{}\u00a0\u00bb][et_pb_row _builder_version=\u00a0\u00bb4.19.4&Prime; _module_preset=\u00a0\u00bbdefault\u00a0\u00bb custom_margin=\u00a0\u00bb1px|auto||auto||\u00a0\u00bb global_colors_info=\u00a0\u00bb{}\u00a0\u00bb][et_pb_column type=\u00a0\u00bb4_4&Prime; _builder_version=\u00a0\u00bb4.19.2&Prime; _module_preset=\u00a0\u00bbdefault\u00a0\u00bb global_colors_info=\u00a0\u00bb{}\u00a0\u00bb][et_pb_text _builder_version=\u00a0\u00bb4.19.4&Prime; _module_preset=\u00a0\u00bbdefault\u00a0\u00bb text_text_color=\u00a0\u00bb#000000&Prime; text_font_size=\u00a0\u00bb40px\u00a0\u00bb background_image=\u00a0\u00bbhttps:\/\/toucharmonie.com\/wp-content\/uploads\/2022\/12\/iFIBRES-MULTICOLORES-612&#215;612-1.jpg\u00a0\u00bb parallax=\u00a0\u00bbon\u00a0\u00bb background_blend=\u00a0\u00bbdarken\u00a0\u00bb custom_margin=\u00a0\u00bb||||false|false\u00a0\u00bb custom_padding=\u00a0\u00bb|||20px|false|false\u00a0\u00bb text_text_shadow_style=\u00a0\u00bbpreset4&Prime; text_text_shadow_blur_strength=\u00a0\u00bb1.06em\u00a0\u00bb header_text_shadow_style=\u00a0\u00bbpreset1&Prime; header_text_shadow_blur_strength=\u00a0\u00bb0.2em\u00a0\u00bb border_radii=\u00a0\u00bbon|40px|40px|40px|40px\u00a0\u00bb inline_fonts=\u00a0\u00bbAkaya Kanadaka\u00a0\u00bb global_colors_info=\u00a0\u00bb{}\u00a0\u00bb]<\/p>\n<h2><span style=\"color: #ffffff; font-family: 'Akaya Kanadaka'; font-weight: normal; font-size: xx-large;\"><strong>Bilan en \u00a0sant\u00e9 naturelle par iridologie<\/strong><\/span><\/h2>\n<h2><span style=\"color: #ffffff; font-size: xx-large;\"><strong><span style=\"font-family: 'Akaya Kanadaka';\">Je vous propose de lire avec moi la carte de votre corps afin de d\u00e9terminer ensemble une approche <\/span><\/strong><strong><span style=\"font-family: 'Akaya Kanadaka';\">personnalis\u00e9e <\/span><\/strong><span style=\"font-family: 'Akaya Kanadaka';\"><strong>pour<\/strong> <strong>retrouver\u00a0<\/strong><\/span><strong><span style=\"font-family: 'Akaya Kanadaka';\">votre vitalit\u00e9 naturellement.<\/span><\/strong><\/span><\/h2>\n<h2><span style=\"color: #ffffff; font-size: xx-large;\"><strong><span style=\"font-family: 'Akaya Kanadaka';\">Approche hygi\u00e9niste.<\/span><\/strong><\/span><\/h2>\n<h2><span style=\"color: #ffffff; font-size: xx-large;\"><strong><span style=\"font-family: 'Akaya Kanadaka';\">Dur\u00e9e : une \u00e0 deux heures\u00a0<\/span><\/strong><\/span><\/h2>\n<h2><span style=\"font-size: xx-large; color: #ffffff;\"><strong><span style=\"font-family: 'Akaya Kanadaka';\">Suivi au long cours possible<\/span><\/strong><\/span><\/h2>\n<p>[\/et_pb_text][\/et_pb_column][\/et_pb_row][\/et_pb_section]<\/p>\n","protected":false},"excerpt":{"rendered":"<p>Massages \u00e9nerg\u00e9tiques relaxants 2 FORMULES AU TOP Le&#8230;<\/p>\n","protected":false},"author":1,"featured_media":0,"parent":0,"menu_order":0,"comment_status":"closed","ping_status":"open","template":"","meta":{"_et_pb_use_builder":"on","_et_pb_old_content":"<!-- wp:paragraph -->\r\n<p>Massages : deux formules<\/p>\r\n<!-- \/wp:paragraph -->\r\n\r\n<!-- wp:paragraph -->\r\n<p>le massage d'urgence : <\/p>\r\n<!-- \/wp:paragraph -->\r\n\r\n<!-- wp:paragraph -->\r\n<p><\/p>\r\n<!-- \/wp:paragraph -->\r\n\r\n<!-- wp:quote -->\r\n<blockquote class=\"wp-block-quote\"><!-- wp:paragraph -->\r\n<p>Hi there! I'm a bike messenger by day, aspiring actor by night, and this is my website. I live in Los Angeles, have a great dog named Jack, and I like pi\u00f1a coladas. (And gettin' caught in the rain.)<\/p>\r\n<!-- \/wp:paragraph --><\/blockquote>\r\n<!-- \/wp:quote -->\r\n\r\n<!-- wp:paragraph -->\r\n<p>...or something like this:<\/p>\r\n<!-- \/wp:paragraph -->\r\n\r\n<!-- wp:quote -->\r\n<blockquote class=\"wp-block-quote\"><!-- wp:paragraph -->\r\n<p>The XYZ Doohickey Company was founded in 1971, and has been providing quality doohickeys to the public ever since. Located in Gotham City, XYZ employs over 2,000 people and does all kinds of awesome things for the Gotham community.<\/p>\r\n<!-- \/wp:paragraph --><\/blockquote>\r\n<!-- \/wp:quote -->\r\n\r\n<!-- wp:paragraph -->\r\n<p>As a new WordPress user, you should go to <a href=\"https:\/\/toucharmonie.com\/wp-admin\/\">your dashboard<\/a> to delete this page and create new pages for your content. Have fun!<\/p>\r\n<!-- \/wp:paragraph -->","_et_gb_content_width":"","footnotes":""},"class_list":["post-2","page","type-page","status-publish","hentry","entry"],"_links":{"self":[{"href":"https:\/\/toucharmonie.com\/home\/wp-json\/wp\/v2\/pages\/2","targetHints":{"allow":["GET"]}}],"collection":[{"href":"https:\/\/toucharmonie.com\/home\/wp-json\/wp\/v2\/pages"}],"about":[{"href":"https:\/\/toucharmonie.com\/home\/wp-json\/wp\/v2\/types\/page"}],"author":[{"embeddable":true,"href":"https:\/\/toucharmonie.com\/home\/wp-json\/wp\/v2\/users\/1"}],"replies":[{"embeddable":true,"href":"https:\/\/toucharmonie.com\/home\/wp-json\/wp\/v2\/comments?post=2"}],"version-history":[{"count":41,"href":"https:\/\/toucharmonie.com\/home\/wp-json\/wp\/v2\/pages\/2\/revisions"}],"predecessor-version":[{"id":29471,"href":"https:\/\/toucharmonie.com\/home\/wp-json\/wp\/v2\/pages\/2\/revisions\/29471"}],"wp:attachment":[{"href":"https:\/\/toucharmonie.com\/home\/wp-json\/wp\/v2\/media?parent=2"}],"curies":[{"name":"wp","href":"https:\/\/api.w.org\/{rel}","templated":true}]}}